{"id":1424,"date":"2018-03-06T15:13:28","date_gmt":"2018-03-06T14:13:28","guid":{"rendered":"https:\/\/www.albtal-schwimmschule.de\/home\/"},"modified":"2019-01-02T13:06:15","modified_gmt":"2019-01-02T12:06:15","slug":"home","status":"publish","type":"page","link":"https:\/\/www.albtal-schwimmschule.de\/ru\/","title":{"rendered":"\u0413\u043b\u0430\u0432\u043d\u0430\u044f"},"content":{"rendered":"<p>[et_pb_section bb_built=&#187;1&#8243; fullwidth=&#187;on&#187; disabled_on=&#187;off|off|off&#187; _builder_version=&#187;3.17.2&#8243; next_background_color=&#187;#f7f7f7&#8243;][et_pb_fullwidth_header disabled_on=&#187;off|off|off&#187; module_class=&#187;kb-zoomout no-parallax&#187; _builder_version=&#187;3.18.2&#8243; background_color=&#187;rgba(255, 255, 255, 0)&#187; background_image=&#187;https:\/\/www.albtal-schwimmschule.de\/wp-content\/uploads\/2018\/04\/final_web.jpg&#187; parallax=&#187;on&#187; background_layout=&#187;light&#187; custom_padding=&#187;25%||25%|&#187; button_one_text_size__hover_enabled=&#187;off&#187; button_two_text_size__hover_enabled=&#187;off&#187; button_one_text_color__hover_enabled=&#187;off&#187; button_two_text_color__hover_enabled=&#187;off&#187; button_one_border_width__hover_enabled=&#187;off&#187; button_two_border_width__hover_enabled=&#187;off&#187; button_one_border_color__hover_enabled=&#187;off&#187; button_two_border_color__hover_enabled=&#187;off&#187; button_one_border_radius__hover_enabled=&#187;off&#187; button_two_border_radius__hover_enabled=&#187;off&#187; button_one_letter_spacing__hover_enabled=&#187;off&#187; button_two_letter_spacing__hover_enabled=&#187;off&#187; button_one_bg_color__hover_enabled=&#187;off&#187; button_two_bg_color__hover_enabled=&#187;off&#187;]<\/p>\n<p>[\/et_pb_fullwidth_header][\/et_pb_section][et_pb_section bb_built=&#187;1&#8243; admin_label=&#187;About Section&#187; _builder_version=&#187;3.0.91&#8243; background_color=&#187;#f7f7f7&#8243; custom_padding=&#187;0px||0px|&#187; prev_background_color=&#187;#ffffff&#187; next_background_color=&#187;#ffffff&#187;][et_pb_row admin_label=&#187;Section Title&#187; custom_padding=&#187;||0px|&#187; custom_margin=&#187;|||&#187; _builder_version=&#187;3.0.105&#8243; custom_margin_last_edited=&#187;on|desktop&#187;][et_pb_column type=&#187;4_4&#8243;][et_pb_text admin_label=&#187;Title&#187; _builder_version=&#187;3.18.2&#8243; header_font=&#187;Fredoka One|700|||||||&#187; header_text_color=&#187;#262f72&#8243; header_2_font=&#187;Fredoka One|600||on|||||&#187; header_2_text_align=&#187;center&#187; header_2_text_color=&#187;#262f72&#8243; header_2_font_size=&#187;30px&#187; custom_margin=&#187;||5px|&#187; custom_margin_last_edited=&#187;on|desktop&#187; custom_padding=&#187;||-5px|&#187; custom_padding_last_edited=&#187;on|desktop&#187; animation_style=&#187;slide&#187; animation_direction=&#187;top&#187; animation_intensity_slide=&#187;20%&#187; animation_starting_opacity=&#187;100%&#187;]<\/p>\n<h1 style=\"text-align: center;\"><strong>\u0423\u0441\u043b\u0443\u0433\u0438 \u043d\u0430\u0448\u0435\u0439 \u0448\u043a\u043e\u043b\u044b \u043f\u043b\u0430\u0432\u0430\u043d\u0438\u044f<\/strong><\/h1>\n<p>[\/et_pb_text][\/et_pb_column][\/et_pb_row][et_pb_row admin_label=&#187;Service Area&#187; custom_padding=&#187;5%||5%&#187; _builder_version=&#187;3.17.2&#8243;][et_pb_column type=&#187;1_3&#8243;][et_pb_blurb title=&#187;\u0420\u0430\u0437\u043b\u0438\u0447\u043d\u044b\u0435 \u043c\u0435\u0441\u0442\u043e\u043f\u043e\u043b\u043e\u0436\u0435\u043d\u0438\u044f&#187; url=&#187;https:\/\/www.albtal-schwimmschule.de\/ru\/kursorte\/&#187; url_new_window=&#187;on&#187; use_icon=&#187;on&#187; font_icon=&#187;%%74%%&#187; icon_color=&#187;#0eb9f2&#8243; use_icon_font_size=&#187;on&#187; module_class=&#187;blurb_click&#187; _builder_version=&#187;3.18.2&#8243; header_font=&#187;Fredoka One|600|||||||&#187; header_text_align=&#187;center&#187; header_font_size=&#187;20px&#187; body_font=&#187;Nunito||||||||&#187; body_text_align=&#187;center&#187; body_font_size=&#187;16px&#187; body_line_height=&#187;1.8em&#187; border_radii=&#187;on|50px|50px|50px|50px&#187; border_width_all=&#187;2px&#187; border_color_all=&#187;#dddddd&#187; border_style_all=&#187;double&#187; custom_padding=&#187;10%|2%|10%|2%&#187; animation_style=&#187;fold&#187; animation_direction=&#187;bottom&#187; animation_intensity_fold=&#187;20%&#187; animation_starting_opacity=&#187;100%&#187;]<\/p>\n<p>\u041c\u044b \u043f\u0440\u0435\u0434\u043b\u0430\u0433\u0430\u0435\u043c \u043a\u0443\u0440\u0441\u044b \u043a\u0430\u043a \u0434\u043b\u044f \u043d\u0430\u0447\u0438\u043d\u0430\u044e\u0449\u0438\u0445 \u0442\u0430\u043a \u0438 \u0434\u043b\u044f \u0442\u0435\u0445, \u043a\u0442\u043e \u0443\u0436\u0435 \u0443\u043c\u0435\u0435\u0442 \u043f\u043b\u0430\u0432\u0430\u0442\u044c.<\/p>\n<p>[\/et_pb_blurb][\/et_pb_column][et_pb_column type=&#187;1_3&#8243;][et_pb_blurb title=&#187;\u0418\u043d\u0434\u0438\u0432\u0438\u0434\u0443\u0430\u043b\u044c\u043d\u044b\u0439 \u043f\u043e\u0434\u0445\u043e\u0434&#187; url=&#187;https:\/\/www.albtal-schwimmschule.de\/ru\/kontakt\/&#187; url_new_window=&#187;on&#187; use_icon=&#187;on&#187; font_icon=&#187;%%258%%&#187; icon_color=&#187;#0eb9f2&#8243; module_class=&#187;blurb_click&#187; _builder_version=&#187;3.18.2&#8243; header_font=&#187;Fredoka One|600|||||||&#187; header_text_align=&#187;center&#187; header_font_size=&#187;20px&#187; body_font=&#187;Nunito||||||||&#187; body_font_size=&#187;16px&#187; body_line_height=&#187;1.8em&#187; border_radii=&#187;on|50px|50px|50px|50px&#187; border_width_all=&#187;2px&#187; border_color_all=&#187;#dddddd&#187; border_style_all=&#187;double&#187; text_orientation=&#187;center&#187; custom_margin=&#187;||5%&#187; custom_padding=&#187;10%|2%|10%|2%&#187; animation_style=&#187;fold&#187; animation_direction=&#187;bottom&#187; animation_intensity_fold=&#187;20%&#187; animation_starting_opacity=&#187;100%&#187;]<\/p>\n<p>\u0421 \u0443\u0434\u043e\u0432\u043e\u043b\u044c\u0441\u0442\u0432\u0438\u0435\u043c \u043f\u043e\u043c\u043e\u0436\u0435\u043c \u0412\u0430\u043c \u043f\u0440\u0438 \u0432\u044b\u0431\u043e\u0440\u0435 \u043a\u0443\u0440\u0441\u0430 \u0434\u043b\u044f \u0412\u0430\u0448\u0435\u0433\u043e \u0440\u0435\u0431\u0435\u043d\u043a\u0430.<\/p>\n<p>[\/et_pb_blurb][\/et_pb_column][et_pb_column type=&#187;1_3&#8243;][et_pb_blurb title=&#187;\u041f\u0440\u043e\u0431\u043d\u043e\u0435 \u0437\u0430\u043d\u044f\u0442\u0438\u0435&#187; url=&#187;https:\/\/www.albtal-schwimmschule.de\/ru\/kontakt\/&#187; url_new_window=&#187;on&#187; use_icon=&#187;on&#187; font_icon=&#187;%%83%%&#187; icon_color=&#187;#0eb9f2&#8243; module_class=&#187;blurb_click&#187; _builder_version=&#187;3.18.2&#8243; header_font=&#187;Fredoka One|600|||||||&#187; header_text_align=&#187;center&#187; header_font_size=&#187;20px&#187; body_font=&#187;Nunito||||||||&#187; body_font_size=&#187;16px&#187; body_line_height=&#187;1.8em&#187; border_radii=&#187;on|50px|50px|50px|50px&#187; border_width_all=&#187;2px&#187; border_color_all=&#187;#dddddd&#187; border_style_all=&#187;double&#187; text_orientation=&#187;center&#187; custom_padding=&#187;10%|2%|10%|2%&#187; animation_style=&#187;fade&#187; animation_direction=&#187;bottom&#187; animation_starting_opacity=&#187;100%&#187;]<\/p>\n<p>\u0420\u0435\u0433\u0438\u0441\u0442\u0440\u0430\u0446\u0438\u044f \u043f\u043e \u044d\u043b\u0435\u043a\u0442\u0440\u043e\u043d\u043d\u043e\u0439 \u043f\u043e\u0447\u0442\u0435 \u0438\u043b\u0438 \u043f\u043e \u0442\u0435\u043b\u0435\u0444\u043e\u043d\u0443.<\/p>\n<p>[\/et_pb_blurb][\/et_pb_column][\/et_pb_row][et_pb_row admin_label=&#187;Service Area&#187; custom_margin=&#187;5%||5%|&#187; _builder_version=&#187;3.17.2&#8243;][et_pb_column type=&#187;1_3&#8243;][\/et_pb_column][et_pb_column type=&#187;1_3&#8243;][et_pb_blurb title=&#187;\u041d\u0430\u0448\u0435 \u0437\u0430\u0434\u0430\u043d\u0438\u0435&#187; url=&#187;https:\/\/www.albtal-schwimmschule.de\/ru\/uber-uns\/&#187; url_new_window=&#187;on&#187; use_icon=&#187;on&#187; font_icon=&#187;%%51%%&#187; icon_color=&#187;#0eb9f2&#8243; module_class=&#187;blurb_click&#187; _builder_version=&#187;3.18.2&#8243; header_font=&#187;Fredoka One|600|||||||&#187; header_text_align=&#187;center&#187; header_font_size=&#187;20px&#187; body_font=&#187;Nunito||||||||&#187; body_font_size=&#187;16px&#187; body_line_height=&#187;1.8em&#187; border_radii=&#187;on|50px|50px|50px|50px&#187; border_width_all=&#187;2px&#187; border_color_all=&#187;#dddddd&#187; text_orientation=&#187;center&#187; custom_padding=&#187;10%|2%|10%|2%&#187; animation_style=&#187;fold&#187; animation_direction=&#187;bottom&#187; animation_intensity_fold=&#187;20%&#187; animation_starting_opacity=&#187;100%&#187;]<\/p>\n<p>\u041c\u044b \u0437\u043d\u0430\u0435\u043c, \u043a\u0430\u043a \u0441\u0434\u0435\u043b\u0430\u0442\u044c \u0442\u0430\u043a, \u0447\u0442\u043e\u0431\u044b \u0431\u044b \u0412\u0430\u0448 \u0440\u0435\u0431\u0435\u043d\u043e\u043a, \u0438\u043b\u0438 \u0434\u0430\u0436\u0435 \u0412\u044b, \u043f\u043e\u0442\u0435\u0440\u044f\u043b\u0438 \u0441\u0442\u0440\u0430\u0445 \u043f\u0435\u0440\u0435\u0434 \u0432\u043e\u0434\u043e\u0439.<\/p>\n<p>[\/et_pb_blurb][\/et_pb_column][et_pb_column type=&#187;1_3&#8243;][\/et_pb_column][\/et_pb_row][\/et_pb_section][et_pb_section bb_built=&#187;1&#8243; _builder_version=&#187;3.0.91&#8243; custom_padding=&#187;0px|0px|0px|0px&#187; prev_background_color=&#187;#f7f7f7&#8243;][et_pb_row][et_pb_column type=&#187;4_4&#8243;][et_pb_code _builder_version=&#187;3.19.2&#8243; text_orientation=&#187;center&#187;]<\/p>\n<div class=\"fb-page\" data-href=\"https:\/\/www.facebook.com\/Albtal-Schwimmschule-2054282174814190\/\" data-tabs=\"timeline\" data-width=\"500\" data-height=\"650\" data-small-header=\"false\" data-adapt-container-width=\"true\" data-hide-cover=\"true\" data-show-facepile=\"true\">\n<blockquote cite=\"https:\/\/www.facebook.com\/Albtal-Schwimmschule-2054282174814190\/\" class=\"fb-xfbml-parse-ignore\"><p><a href=\"https:\/\/www.facebook.com\/Albtal-Schwimmschule-2054282174814190\/\">Albtal Schwimmschule<\/a><\/p><\/blockquote>\n<\/div>\n<p>[\/et_pb_code][\/et_pb_column][\/et_pb_row][\/et_pb_section]<\/p>\n","protected":false},"excerpt":{"rendered":"<p>\u0423\u0441\u043b\u0443\u0433\u0438 \u043d\u0430\u0448\u0435\u0439 \u0448\u043a\u043e\u043b\u044b \u043f\u043b\u0430\u0432\u0430\u043d\u0438\u044f \u041c\u044b \u043f\u0440\u0435\u0434\u043b\u0430\u0433\u0430\u0435\u043c \u043a\u0443\u0440\u0441\u044b \u043a\u0430\u043a \u0434\u043b\u044f \u043d\u0430\u0447\u0438\u043d\u0430\u044e\u0449\u0438\u0445 \u0442\u0430\u043a \u0438 \u0434\u043b\u044f \u0442\u0435\u0445, \u043a\u0442\u043e \u0443\u0436\u0435 \u0443\u043c\u0435\u0435\u0442 \u043f\u043b\u0430\u0432\u0430\u0442\u044c. \u0421 \u0443\u0434\u043e\u0432\u043e\u043b\u044c\u0441\u0442\u0432\u0438\u0435\u043c \u043f\u043e\u043c\u043e\u0436\u0435\u043c \u0412\u0430\u043c \u043f\u0440\u0438 \u0432\u044b\u0431\u043e\u0440\u0435 \u043a\u0443\u0440\u0441\u0430 \u0434\u043b\u044f \u0412\u0430\u0448\u0435\u0433\u043e \u0440\u0435\u0431\u0435\u043d\u043a\u0430. \u0420\u0435\u0433\u0438\u0441\u0442\u0440\u0430\u0446\u0438\u044f \u043f\u043e \u044d\u043b\u0435\u043a\u0442\u0440\u043e\u043d\u043d\u043e\u0439 \u043f\u043e\u0447\u0442\u0435 \u0438\u043b\u0438 \u043f\u043e \u0442\u0435\u043b\u0435\u0444\u043e\u043d\u0443. \u041c\u044b \u0437\u043d\u0430\u0435\u043c, \u043a\u0430\u043a \u0441\u0434\u0435\u043b\u0430\u0442\u044c \u0442\u0430\u043a, \u0447\u0442\u043e\u0431\u044b \u0431\u044b \u0412\u0430\u0448 \u0440\u0435\u0431\u0435\u043d\u043e\u043a, \u0438\u043b\u0438 \u0434\u0430\u0436\u0435 \u0412\u044b, \u043f\u043e\u0442\u0435\u0440\u044f\u043b\u0438 \u0441\u0442\u0440\u0430\u0445 \u043f\u0435\u0440\u0435\u0434 \u0432\u043e\u0434\u043e\u0439. <div class=\"et_pb_row et_pb_row_0 et_pb_row_empty\">\n\t\t\t\t\n\t\t\t\t\n\t\t\t\t\n\t\t\t\t\n\t\t\t\t\n\t\t\t<\/div><\/p>\n","protected":false},"author":3,"featured_media":0,"parent":0,"menu_order":0,"comment_status":"closed","ping_status":"closed","template":"","meta":{"_et_pb_use_builder":"on","_et_pb_old_content":"","_et_gb_content_width":"","inline_featured_image":false,"footnotes":""},"class_list":["post-1424","page","type-page","status-publish","hentry"],"yoast_head":"<!-- This site is optimized with the Yoast SEO plugin v27.5 - https:\/\/yoast.com\/product\/yoast-seo-wordpress\/ -->\n<title>Albtal Schwimmschule: Schwimmen lernen f\u00fcr Klein und Gro\u00df<\/title>\n<meta name=\"description\" content=\"Die Albtal Schwimmschule bietet f\u00fcr Erwachsene und Kinder Schwimmunterricht an. Qualifizierte Lehrer versuchen das Lernen leichter zu gestallten.\" \/>\n<meta name=\"robots\" content=\"index, follow, max-snippet:-1, max-image-preview:large, max-video-preview:-1\" \/>\n<link rel=\"canonical\" href=\"https:\/\/www.albtal-schwimmschule.de\/ru\/\" \/>\n<meta property=\"og:locale\" content=\"ru_RU\" \/>\n<meta property=\"og:type\" content=\"article\" \/>\n<meta property=\"og:title\" content=\"Albtal Schwimmschule: Schwimmen lernen f\u00fcr Klein und Gro\u00df\" \/>\n<meta property=\"og:description\" content=\"Die Albtal Schwimmschule bietet f\u00fcr Erwachsene und Kinder Schwimmunterricht an. Qualifizierte Lehrer versuchen das Lernen leichter zu gestallten.\" \/>\n<meta property=\"og:url\" content=\"https:\/\/www.albtal-schwimmschule.de\/ru\/\" \/>\n<meta property=\"og:site_name\" content=\"Albtal-Schwimmschule\" \/>\n<meta property=\"article:publisher\" content=\"https:\/\/www.facebook.com\/AlbtalSchwimmschule\" \/>\n<meta property=\"article:modified_time\" content=\"2019-01-02T12:06:15+00:00\" \/>\n<meta property=\"og:image\" content=\"https:\/\/www.albtal-schwimmschule.de\/wp-content\/uploads\/2022\/08\/cropped-Albtal-Favicon-1.png\" \/>\n\t<meta property=\"og:image:width\" content=\"512\" \/>\n\t<meta property=\"og:image:height\" content=\"512\" \/>\n\t<meta property=\"og:image:type\" content=\"image\/png\" \/>\n<meta name=\"twitter:card\" content=\"summary_large_image\" \/>\n<meta name=\"twitter:label1\" content=\"\u041f\u0440\u0438\u043c\u0435\u0440\u043d\u043e\u0435 \u0432\u0440\u0435\u043c\u044f \u0434\u043b\u044f \u0447\u0442\u0435\u043d\u0438\u044f\" \/>\n\t<meta name=\"twitter:data1\" content=\"4 \u043c\u0438\u043d\u0443\u0442\u044b\" \/>\n<script type=\"application\/ld+json\" class=\"yoast-schema-graph\">{\"@context\":\"https:\\\/\\\/schema.org\",\"@graph\":[{\"@type\":\"WebPage\",\"@id\":\"https:\\\/\\\/www.albtal-schwimmschule.de\\\/ru\\\/\",\"url\":\"https:\\\/\\\/www.albtal-schwimmschule.de\\\/ru\\\/\",\"name\":\"Albtal Schwimmschule: Schwimmen lernen f\u00fcr Klein und Gro\u00df\",\"isPartOf\":{\"@id\":\"https:\\\/\\\/www.albtal-schwimmschule.de\\\/#website\"},\"datePublished\":\"2018-03-06T14:13:28+00:00\",\"dateModified\":\"2019-01-02T12:06:15+00:00\",\"description\":\"Die Albtal Schwimmschule bietet f\u00fcr Erwachsene und Kinder Schwimmunterricht an. Qualifizierte Lehrer versuchen das Lernen leichter zu gestallten.\",\"breadcrumb\":{\"@id\":\"https:\\\/\\\/www.albtal-schwimmschule.de\\\/ru\\\/#breadcrumb\"},\"inLanguage\":\"ru-RU\",\"potentialAction\":[{\"@type\":\"ReadAction\",\"target\":[\"https:\\\/\\\/www.albtal-schwimmschule.de\\\/ru\\\/\"]}]},{\"@type\":\"BreadcrumbList\",\"@id\":\"https:\\\/\\\/www.albtal-schwimmschule.de\\\/ru\\\/#breadcrumb\",\"itemListElement\":[{\"@type\":\"ListItem\",\"position\":1,\"name\":\"Home\",\"item\":\"https:\\\/\\\/www.albtal-schwimmschule.de\\\/ru\\\/\"},{\"@type\":\"ListItem\",\"position\":2,\"name\":\"\u0413\u043b\u0430\u0432\u043d\u0430\u044f\"}]},{\"@type\":\"WebSite\",\"@id\":\"https:\\\/\\\/www.albtal-schwimmschule.de\\\/#website\",\"url\":\"https:\\\/\\\/www.albtal-schwimmschule.de\\\/\",\"name\":\"Albtal-Schwimmschule\",\"description\":\"Schwimmkurse f\u00fcr jung und alt\",\"publisher\":{\"@id\":\"https:\\\/\\\/www.albtal-schwimmschule.de\\\/#organization\"},\"alternateName\":\"Die Schwimmschule in Karlsruhe und Umgebung\",\"potentialAction\":[{\"@type\":\"SearchAction\",\"target\":{\"@type\":\"EntryPoint\",\"urlTemplate\":\"https:\\\/\\\/www.albtal-schwimmschule.de\\\/?s={search_term_string}\"},\"query-input\":{\"@type\":\"PropertyValueSpecification\",\"valueRequired\":true,\"valueName\":\"search_term_string\"}}],\"inLanguage\":\"ru-RU\"},{\"@type\":\"Organization\",\"@id\":\"https:\\\/\\\/www.albtal-schwimmschule.de\\\/#organization\",\"name\":\"Albtal-Schwimmschule\",\"alternateName\":\"Die Schwimmschule in Karlsruhe und Umgebung\",\"url\":\"https:\\\/\\\/www.albtal-schwimmschule.de\\\/\",\"logo\":{\"@type\":\"ImageObject\",\"inLanguage\":\"ru-RU\",\"@id\":\"https:\\\/\\\/www.albtal-schwimmschule.de\\\/#\\\/schema\\\/logo\\\/image\\\/\",\"url\":\"https:\\\/\\\/www.albtal-schwimmschule.de\\\/wp-content\\\/uploads\\\/2018\\\/03\\\/Albtal-NICHT-transparent.png\",\"contentUrl\":\"https:\\\/\\\/www.albtal-schwimmschule.de\\\/wp-content\\\/uploads\\\/2018\\\/03\\\/Albtal-NICHT-transparent.png\",\"width\":1543,\"height\":1536,\"caption\":\"Albtal-Schwimmschule\"},\"image\":{\"@id\":\"https:\\\/\\\/www.albtal-schwimmschule.de\\\/#\\\/schema\\\/logo\\\/image\\\/\"},\"sameAs\":[\"https:\\\/\\\/www.facebook.com\\\/AlbtalSchwimmschule\",\"https:\\\/\\\/instagram.com\\\/albtalschwimmschule\"]}]}<\/script>\n<!-- \/ Yoast SEO plugin. -->","yoast_head_json":{"title":"Albtal Schwimmschule: Schwimmen lernen f\u00fcr Klein und Gro\u00df","description":"Die Albtal Schwimmschule bietet f\u00fcr Erwachsene und Kinder Schwimmunterricht an. Qualifizierte Lehrer versuchen das Lernen leichter zu gestallten.","robots":{"index":"index","follow":"follow","max-snippet":"max-snippet:-1","max-image-preview":"max-image-preview:large","max-video-preview":"max-video-preview:-1"},"canonical":"https:\/\/www.albtal-schwimmschule.de\/ru\/","og_locale":"ru_RU","og_type":"article","og_title":"Albtal Schwimmschule: Schwimmen lernen f\u00fcr Klein und Gro\u00df","og_description":"Die Albtal Schwimmschule bietet f\u00fcr Erwachsene und Kinder Schwimmunterricht an. Qualifizierte Lehrer versuchen das Lernen leichter zu gestallten.","og_url":"https:\/\/www.albtal-schwimmschule.de\/ru\/","og_site_name":"Albtal-Schwimmschule","article_publisher":"https:\/\/www.facebook.com\/AlbtalSchwimmschule","article_modified_time":"2019-01-02T12:06:15+00:00","og_image":[{"width":512,"height":512,"url":"https:\/\/www.albtal-schwimmschule.de\/wp-content\/uploads\/2022\/08\/cropped-Albtal-Favicon-1.png","type":"image\/png"}],"twitter_card":"summary_large_image","twitter_misc":{"\u041f\u0440\u0438\u043c\u0435\u0440\u043d\u043e\u0435 \u0432\u0440\u0435\u043c\u044f \u0434\u043b\u044f \u0447\u0442\u0435\u043d\u0438\u044f":"4 \u043c\u0438\u043d\u0443\u0442\u044b"},"schema":{"@context":"https:\/\/schema.org","@graph":[{"@type":"WebPage","@id":"https:\/\/www.albtal-schwimmschule.de\/ru\/","url":"https:\/\/www.albtal-schwimmschule.de\/ru\/","name":"Albtal Schwimmschule: Schwimmen lernen f\u00fcr Klein und Gro\u00df","isPartOf":{"@id":"https:\/\/www.albtal-schwimmschule.de\/#website"},"datePublished":"2018-03-06T14:13:28+00:00","dateModified":"2019-01-02T12:06:15+00:00","description":"Die Albtal Schwimmschule bietet f\u00fcr Erwachsene und Kinder Schwimmunterricht an. Qualifizierte Lehrer versuchen das Lernen leichter zu gestallten.","breadcrumb":{"@id":"https:\/\/www.albtal-schwimmschule.de\/ru\/#breadcrumb"},"inLanguage":"ru-RU","potentialAction":[{"@type":"ReadAction","target":["https:\/\/www.albtal-schwimmschule.de\/ru\/"]}]},{"@type":"BreadcrumbList","@id":"https:\/\/www.albtal-schwimmschule.de\/ru\/#breadcrumb","itemListElement":[{"@type":"ListItem","position":1,"name":"Home","item":"https:\/\/www.albtal-schwimmschule.de\/ru\/"},{"@type":"ListItem","position":2,"name":"\u0413\u043b\u0430\u0432\u043d\u0430\u044f"}]},{"@type":"WebSite","@id":"https:\/\/www.albtal-schwimmschule.de\/#website","url":"https:\/\/www.albtal-schwimmschule.de\/","name":"Albtal-Schwimmschule","description":"Schwimmkurse f\u00fcr jung und alt","publisher":{"@id":"https:\/\/www.albtal-schwimmschule.de\/#organization"},"alternateName":"Die Schwimmschule in Karlsruhe und Umgebung","potentialAction":[{"@type":"SearchAction","target":{"@type":"EntryPoint","urlTemplate":"https:\/\/www.albtal-schwimmschule.de\/?s={search_term_string}"},"query-input":{"@type":"PropertyValueSpecification","valueRequired":true,"valueName":"search_term_string"}}],"inLanguage":"ru-RU"},{"@type":"Organization","@id":"https:\/\/www.albtal-schwimmschule.de\/#organization","name":"Albtal-Schwimmschule","alternateName":"Die Schwimmschule in Karlsruhe und Umgebung","url":"https:\/\/www.albtal-schwimmschule.de\/","logo":{"@type":"ImageObject","inLanguage":"ru-RU","@id":"https:\/\/www.albtal-schwimmschule.de\/#\/schema\/logo\/image\/","url":"https:\/\/www.albtal-schwimmschule.de\/wp-content\/uploads\/2018\/03\/Albtal-NICHT-transparent.png","contentUrl":"https:\/\/www.albtal-schwimmschule.de\/wp-content\/uploads\/2018\/03\/Albtal-NICHT-transparent.png","width":1543,"height":1536,"caption":"Albtal-Schwimmschule"},"image":{"@id":"https:\/\/www.albtal-schwimmschule.de\/#\/schema\/logo\/image\/"},"sameAs":["https:\/\/www.facebook.com\/AlbtalSchwimmschule","https:\/\/instagram.com\/albtalschwimmschule"]}]}},"_links":{"self":[{"href":"https:\/\/www.albtal-schwimmschule.de\/ru\/wp-json\/wp\/v2\/pages\/1424","targetHints":{"allow":["GET"]}}],"collection":[{"href":"https:\/\/www.albtal-schwimmschule.de\/ru\/wp-json\/wp\/v2\/pages"}],"about":[{"href":"https:\/\/www.albtal-schwimmschule.de\/ru\/wp-json\/wp\/v2\/types\/page"}],"author":[{"embeddable":true,"href":"https:\/\/www.albtal-schwimmschule.de\/ru\/wp-json\/wp\/v2\/users\/3"}],"replies":[{"embeddable":true,"href":"https:\/\/www.albtal-schwimmschule.de\/ru\/wp-json\/wp\/v2\/comments?post=1424"}],"version-history":[{"count":56,"href":"https:\/\/www.albtal-schwimmschule.de\/ru\/wp-json\/wp\/v2\/pages\/1424\/revisions"}],"predecessor-version":[{"id":1955,"href":"https:\/\/www.albtal-schwimmschule.de\/ru\/wp-json\/wp\/v2\/pages\/1424\/revisions\/1955"}],"wp:attachment":[{"href":"https:\/\/www.albtal-schwimmschule.de\/ru\/wp-json\/wp\/v2\/media?parent=1424"}],"curies":[{"name":"wp","href":"https:\/\/api.w.org\/{rel}","templated":true}]}}